{"id":259632,"date":"2021-06-22T09:23:14","date_gmt":"2021-06-22T07:23:14","guid":{"rendered":"https:\/\/www.cesag.org\/request-information\/"},"modified":"2023-09-01T01:10:55","modified_gmt":"2023-08-31T23:10:55","slug":"request-information","status":"publish","type":"page","link":"https:\/\/dev-cesag.rwdesarrollos.es\/en\/request-information\/","title":{"rendered":"Request information"},"content":{"rendered":"<p>[et_pb_section fb_built=&#8221;1&#8243; _builder_version=&#8221;4.14.8&#8243; _module_preset=&#8221;ab16cb2b-c96b-44fc-a747-4d4aa5612bd7&#8243; background_color=&#8221;#73243D&#8221; background_enable_image=&#8221;off&#8221; global_colors_info=&#8221;{}&#8221;][et_pb_row _builder_version=&#8221;4.9.6&#8243; _module_preset=&#8221;f0587694-611b-443c-82a6-c1b9fde436ba&#8221; custom_margin=&#8221;25vh||25vh||true|false&#8221; custom_css_main_element=&#8221;margin-top:auto;||margin-bottom:auto;&#8221; global_colors_info=&#8221;{}&#8221;][et_pb_column type=&#8221;4_4&#8243; _builder_version=&#8221;4.9.4&#8243; _module_preset=&#8221;default&#8221; global_colors_info=&#8221;{}&#8221;][et_pb_text _builder_version=&#8221;4.14.8&#8243; _module_preset=&#8221;f1fc5fdb-a605-4c0d-b6fa-141f3e7dbfa4&#8243; text_text_color=&#8221;#27292B&#8221; header_text_align=&#8221;left&#8221; text_orientation=&#8221;center&#8221; custom_margin=&#8221;||0px|||&#8221; global_colors_info=&#8221;{%22gcid-76cbd423-d41c-4664-84f3-bc61e3b394f7%22:%91%22header_text_color%22,%22header_2_text_color%22,%22header_3_text_color%22%93}&#8221;]<\/p>\n<h1 style=\"text-align: center;\">Request more information<\/h1>\n<p>[\/et_pb_text][\/et_pb_column][\/et_pb_row][\/et_pb_section][et_pb_section fb_built=&#8221;1&#8243; _builder_version=&#8221;4.9.4&#8243; _module_preset=&#8221;default&#8221; global_colors_info=&#8221;{}&#8221;][et_pb_row _builder_version=&#8221;4.9.5&#8243; _module_preset=&#8221;86d86eb3-c2be-4bef-99f1-9557eb5e5859&#8243; custom_margin_tablet=&#8221;||||false|false&#8221; custom_margin_last_edited=&#8221;off|tablet&#8221; custom_padding=&#8221;168px||||false|true&#8221; global_colors_info=&#8221;{}&#8221;][et_pb_column type=&#8221;4_4&#8243; _builder_version=&#8221;4.9.4&#8243; _module_preset=&#8221;default&#8221; global_colors_info=&#8221;{}&#8221;][et_pb_text _builder_version=&#8221;4.9.6&#8243; _module_preset=&#8221;9ee1b771-15ea-45b7-8569-e53dae7708be&#8221; text_orientation=&#8221;center&#8221; animation_style=&#8221;fade&#8221; text_orientation_tablet=&#8221;left&#8221; text_orientation_phone=&#8221;&#8221; text_orientation_last_edited=&#8221;on|tablet&#8221; global_colors_info=&#8221;{%22gcid-76cbd423-d41c-4664-84f3-bc61e3b394f7%22:%91%22text_text_color%22%93}&#8221;]COME TO UNIVERSITY COLLEGE ALBERTA GIM\u00c9NEZ (CESAG)[\/et_pb_text][et_pb_text _builder_version=&#8221;4.9.6&#8243; _module_preset=&#8221;f1fc5fdb-a605-4c0d-b6fa-141f3e7dbfa4&#8243; header_2_text_align=&#8221;center&#8221; text_orientation=&#8221;center&#8221; animation_style=&#8221;fade&#8221; header_2_text_align_tablet=&#8221;left&#8221; header_2_text_align_phone=&#8221;&#8221; header_2_text_align_last_edited=&#8221;on|tablet&#8221; global_colors_info=&#8221;{%22gcid-76cbd423-d41c-4664-84f3-bc61e3b394f7%22:%91%22header_text_color%22,%22header_2_text_color%22,%22header_3_text_color%22%93}&#8221;]<\/p>\n<h2>We\u2019re a friendly college<\/h2>\n<p>[\/et_pb_text][et_pb_text _builder_version=&#8221;4.9.6&#8243; _module_preset=&#8221;547bb337-e05c-4899-ae0c-c2d1a63a22df&#8221; animation_style=&#8221;fade&#8221; animation_delay=&#8221;100ms&#8221; text_orientation_tablet=&#8221;left&#8221; text_orientation_phone=&#8221;&#8221; text_orientation_last_edited=&#8221;on|tablet&#8221; global_colors_info=&#8221;{%22gcid-76cbd423-d41c-4664-84f3-bc61e3b394f7%22:%91%22text_text_color%22%93}&#8221;]<\/p>\n<p>Our students are what matters the most. As one of our teachers says, there are no degrees with opportunities but rather people with opportunities. We want you to be one of them, with an education that helps you to stand out and grow. Do you need to know anything else about the courses we offer? Send us a message. We want to hear what you have to say.<\/p>\n<p>[\/et_pb_text][\/et_pb_column][\/et_pb_row][\/et_pb_section][et_pb_section fb_built=&#8221;1&#8243; _builder_version=&#8221;4.9.6&#8243; _module_preset=&#8221;default&#8221; global_colors_info=&#8221;{}&#8221;][et_pb_row _builder_version=&#8221;4.9.6&#8243; _module_preset=&#8221;86d86eb3-c2be-4bef-99f1-9557eb5e5859&#8243; custom_margin=&#8221;158px||||false|false&#8221; custom_margin_tablet=&#8221;32px||||false|false&#8221; custom_margin_phone=&#8221;&#8221; custom_margin_last_edited=&#8221;on|tablet&#8221; global_colors_info=&#8221;{}&#8221;][et_pb_column type=&#8221;4_4&#8243; _builder_version=&#8221;4.9.6&#8243; _module_preset=&#8221;default&#8221; global_colors_info=&#8221;{}&#8221;][et_pb_code _builder_version=&#8221;4.9.6&#8243; _module_preset=&#8221;default&#8221; global_colors_info=&#8221;{}&#8221;]\n<div class=\"wpcf7 no-js\" id=\"wpcf7-f259609-o1\" lang=\"en-US\" dir=\"ltr\" data-wpcf7-id=\"259609\">\n<div class=\"screen-reader-response\"><p role=\"status\" aria-live=\"polite\" aria-atomic=\"true\"><\/p> <ul><\/ul><\/div>\n<form action=\"\/en\/wp-json\/wp\/v2\/pages\/259632#wpcf7-f259609-o1\" method=\"post\" class=\"wpcf7-form init\" aria-label=\"Contact form\" novalidate=\"novalidate\" data-status=\"init\">\n<div style=\"display: none;\">\n<input type=\"hidden\" name=\"_wpcf7\" value=\"259609\" \/>\n<input type=\"hidden\" name=\"_wpcf7_version\" value=\"6.0.1\" \/>\n<input type=\"hidden\" name=\"_wpcf7_locale\" value=\"en_US\" \/>\n<input type=\"hidden\" name=\"_wpcf7_unit_tag\" value=\"wpcf7-f259609-o1\" \/>\n<input type=\"hidden\" name=\"_wpcf7_container_post\" value=\"0\" \/>\n<input type=\"hidden\" name=\"_wpcf7_posted_data_hash\" value=\"\" \/>\n<\/div>\n<div id=\"formulario\" class=\"clearfix\">\n\n\n\n<div class=\"formulario-fila\">\n<div class=\"columna-mitad\"><label for=\"nombre\"> Name and surnames<br>\n    <span class=\"wpcf7-form-control-wrap\" data-name=\"nombre-apellidos\"><input size=\"40\" maxlength=\"400\" class=\"wpcf7-form-control wpcf7-text wpcf7-validates-as-required\" id=\"nombre\" aria-required=\"true\" aria-invalid=\"false\" placeholder=\"Enter your full name\" value=\"\" type=\"text\" name=\"nombre-apellidos\" \/><\/span> <\/label><\/div>\n\n<div class=\"columna-mitad\"><label for=\"edad\"> Age<br>\n    <span class=\"wpcf7-form-control-wrap\" data-name=\"edad\"><input size=\"40\" maxlength=\"400\" class=\"wpcf7-form-control wpcf7-text wpcf7-validates-as-required\" id=\"edad\" aria-required=\"true\" aria-invalid=\"false\" placeholder=\"State your age\" value=\"\" type=\"text\" name=\"edad\" \/><\/span> <\/label><\/div>\n<\/div>\n\n<div class=\"formulario-fila\">\n<div class=\"columna-mitad\"><label for=\"email\"> Email address<br>\n    <span class=\"wpcf7-form-control-wrap\" data-name=\"email\"><input size=\"40\" maxlength=\"400\" class=\"wpcf7-form-control wpcf7-email wpcf7-validates-as-required wpcf7-text wpcf7-validates-as-email\" id=\"email\" aria-required=\"true\" aria-invalid=\"false\" placeholder=\"Email address\" value=\"\" type=\"email\" name=\"email\" \/><\/span> <\/label><\/div>\n\n<div class=\"columna-mitad\"><label for=\"movil\"> Mobile<br>\n    <span class=\"wpcf7-form-control-wrap\" data-name=\"movil\"><input size=\"40\" maxlength=\"400\" class=\"wpcf7-form-control wpcf7-text wpcf7-validates-as-required\" id=\"movil\" aria-required=\"true\" aria-invalid=\"false\" placeholder=\"Add your mobile phone number\" value=\"\" type=\"text\" name=\"movil\" \/><\/span> <\/label><\/div>\n<\/div>\n<div class=\"formulario-fila\">\n<div class=\"columna-mitad\"><label for=\"centro\"> Current educational institution or profession<br>\n    <span class=\"wpcf7-form-control-wrap\" data-name=\"centro-educativo-profesion\"><input size=\"40\" maxlength=\"400\" class=\"wpcf7-form-control wpcf7-text wpcf7-validates-as-required\" id=\"centro\" aria-required=\"true\" aria-invalid=\"false\" placeholder=\"Current educational institution or profession\" value=\"\" type=\"text\" name=\"centro-educativo-profesion\" \/><\/span> <\/label><\/div>\n\n<div class=\"columna-mitad\"><label for=\"estudios\">Courses of interest<br>\n<span class=\"wpcf7-form-control-wrap\" data-name=\"estudios-interes\"><select class=\"wpcf7-form-control wpcf7-select\" id=\"estudios\" aria-invalid=\"false\" multiple=\"multiple\" name=\"estudios-interes[]\"><option value=\"\">&#8212;Please choose an option&#8212;<\/option><option value=\"Comunicaci\u00f3n\">Comunicaci\u00f3n<\/option><option value=\"Educaci\u00f3n\">Educaci\u00f3n<\/option><option value=\"CAFYD\">CAFYD<\/option><option value=\"Enfermer\u00eda\">Enfermer\u00eda<\/option><\/select><\/span> <\/label><\/div>\n<\/div>\n\n<div class=\"formulario-fila\">\n<div class=\"columna-total\"><label for=\"mensaje\"> Leave us a message<br>\n    <span class=\"wpcf7-form-control-wrap\" data-name=\"mensaje\"><textarea cols=\"40\" rows=\"10\" maxlength=\"2000\" class=\"wpcf7-form-control wpcf7-textarea\" id=\"mensaje\" aria-invalid=\"false\" placeholder=\"Indicate here the area or issue about which you require more information\" name=\"mensaje\"><\/textarea><\/span> <\/label><\/div>\n<\/div>\n\n<div class=\"formulario-fila\">\n<div class=\"columna-mitad\"><span class=\"wpcf7-form-control-wrap\" data-name=\"rgpd\"><span class=\"wpcf7-form-control wpcf7-acceptance\"><span class=\"wpcf7-list-item\"><label><input type=\"checkbox\" name=\"rgpd\" value=\"1\" aria-invalid=\"false\" \/><span class=\"wpcf7-list-item-label\">I accept the <a href=\"https:\/\/dev.cesag.org\/proteccion-datos\/\">privacy terms<\/a><\/span><\/label><\/span><\/span><\/span><\/div>\n\n<div class=\"columna-mitad\"><span class=\"wpcf7-form-control-wrap\" data-name=\"entrevista-personal\"><span class=\"wpcf7-form-control wpcf7-checkbox wpcf7-exclusive-checkbox\"><span class=\"wpcf7-list-item first last\"><label><input type=\"checkbox\" name=\"entrevista-personal\" value=\"Solicito entrevista personal\" \/><span class=\"wpcf7-list-item-label\">Solicito entrevista personal<\/span><\/label><\/span><\/span><\/span><\/div>\n<\/div>\n\n<div class=\"formulario-fila\">\n<div class=\"columna-total\"><p><strong>Privacy<\/strong><\/p>\n<p class=\"formulario-pie\">Personal data controller: CESAG \/ Purpose: Sending of information related to the activities and services carried out by CESAG \/ Legal basis: Consent of the data subject \/ Recipient: No data will be transferred to third parties, unless due to a legal obligation or it is necessary to provide a service that has been requested. Comillas PU. Suppliers who provide services to us \/ Rights: You can exercise your rights of access, rectification, erasure and objection, restriction of processing, data portability and not to be subject to automated individual decision-making, as well as of withdrawing consent \/ Additional information: You can consult the additional and detailed information about <a href=\"https:\/\/dev.cesag.org\/proteccion-datos\/\">Data Protection<\/a> \/ Last update: 21\/06\/2018<\/p><\/div>\n<\/div>\n\n\n<input class=\"wpcf7-form-control wpcf7-submit has-spinner boton-secundario\" type=\"submit\" value=\"Enviar\" \/>\n\n<\/div><!--end responsive-form--><div class=\"wpcf7-response-output\" aria-hidden=\"true\"><\/div>\n<\/form>\n<\/div>\n[\/et_pb_code][\/et_pb_column][\/et_pb_row][\/et_pb_section]<\/p>\n","protected":false},"excerpt":{"rendered":"<p>Request more informationCOME TO UNIVERSITY COLLEGE ALBERTA GIM\u00c9NEZ (CESAG)We\u2019re a friendly collegeOur students are what matters the most. As one of our teachers says, there are no degrees with opportunities but rather people with opportunities. We want you to be one of them, with an education that helps you to stand out and grow. Do [&hellip;]<\/p>\n","protected":false},"author":1,"featured_media":0,"parent":0,"menu_order":0,"comment_status":"closed","ping_status":"closed","template":"","meta":{"_et_pb_use_builder":"on","_et_pb_old_content":"","_et_gb_content_width":"","inline_featured_image":false,"footnotes":""},"class_list":["post-259632","page","type-page","status-publish","hentry"],"yoast_head":"<!-- This site is optimized with the Yoast SEO plugin v23.9 - https:\/\/yoast.com\/wordpress\/plugins\/seo\/ -->\n<title>Request information - CESAG Centro de Ense\u00f1anza Superior Alberta Gim\u00e9nez<\/title>\n<meta name=\"robots\" content=\"index, follow, max-snippet:-1, max-image-preview:large, max-video-preview:-1\" \/>\n<link rel=\"canonical\" href=\"https:\/\/dev-cesag.rwdesarrollos.es\/en\/request-information\/\" \/>\n<meta property=\"og:locale\" content=\"en_US\" \/>\n<meta property=\"og:type\" content=\"article\" \/>\n<meta property=\"og:title\" content=\"Request information - CESAG Centro de Ense\u00f1anza Superior Alberta Gim\u00e9nez\" \/>\n<meta property=\"og:description\" content=\"Request more informationCOME TO UNIVERSITY COLLEGE ALBERTA GIM\u00c9NEZ (CESAG)We\u2019re a friendly collegeOur students are what matters the most. As one of our teachers says, there are no degrees with opportunities but rather people with opportunities. We want you to be one of them, with an education that helps you to stand out and grow. Do [&hellip;]\" \/>\n<meta property=\"og:url\" content=\"https:\/\/dev-cesag.rwdesarrollos.es\/en\/request-information\/\" \/>\n<meta property=\"og:site_name\" content=\"CESAG Centro de Ense\u00f1anza Superior Alberta Gim\u00e9nez\" \/>\n<meta property=\"article:publisher\" content=\"https:\/\/www.facebook.com\/CESAlbertaGimenez\" \/>\n<meta property=\"article:modified_time\" content=\"2023-08-31T23:10:55+00:00\" \/>\n<meta name=\"twitter:card\" content=\"summary_large_image\" \/>\n<meta name=\"twitter:site\" content=\"@cesag_\" \/>\n<meta name=\"twitter:label1\" content=\"Est. reading time\" \/>\n\t<meta name=\"twitter:data1\" content=\"3 minutes\" \/>\n<script type=\"application\/ld+json\" class=\"yoast-schema-graph\">{\"@context\":\"https:\/\/schema.org\",\"@graph\":[{\"@type\":\"WebPage\",\"@id\":\"https:\/\/dev-cesag.rwdesarrollos.es\/en\/request-information\/\",\"url\":\"https:\/\/dev-cesag.rwdesarrollos.es\/en\/request-information\/\",\"name\":\"Request information - CESAG Centro de Ense\u00f1anza Superior Alberta Gim\u00e9nez\",\"isPartOf\":{\"@id\":\"https:\/\/dev-cesag.rwdesarrollos.es\/en\/#website\"},\"datePublished\":\"2021-06-22T07:23:14+00:00\",\"dateModified\":\"2023-08-31T23:10:55+00:00\",\"breadcrumb\":{\"@id\":\"https:\/\/dev-cesag.rwdesarrollos.es\/en\/request-information\/#breadcrumb\"},\"inLanguage\":\"en-US\",\"potentialAction\":[{\"@type\":\"ReadAction\",\"target\":[\"https:\/\/dev-cesag.rwdesarrollos.es\/en\/request-information\/\"]}]},{\"@type\":\"BreadcrumbList\",\"@id\":\"https:\/\/dev-cesag.rwdesarrollos.es\/en\/request-information\/#breadcrumb\",\"itemListElement\":[{\"@type\":\"ListItem\",\"position\":1,\"name\":\"Portada\",\"item\":\"https:\/\/dev-cesag.rwdesarrollos.es\/en\/home\/\"},{\"@type\":\"ListItem\",\"position\":2,\"name\":\"Request information\"}]},{\"@type\":\"WebSite\",\"@id\":\"https:\/\/dev-cesag.rwdesarrollos.es\/en\/#website\",\"url\":\"https:\/\/dev-cesag.rwdesarrollos.es\/en\/\",\"name\":\"CESAG\",\"description\":\"El Centro de Ense\u00f1anza Superior Alberta Gim\u00e9nez (CESAG) ofrece en Mallorca grados en Enfermer\u00eda, Educaci\u00f3n, Comunicaci\u00f3n y Ciencias del Deporte\",\"publisher\":{\"@id\":\"https:\/\/dev-cesag.rwdesarrollos.es\/en\/#organization\"},\"potentialAction\":[{\"@type\":\"SearchAction\",\"target\":{\"@type\":\"EntryPoint\",\"urlTemplate\":\"https:\/\/dev-cesag.rwdesarrollos.es\/en\/?s={search_term_string}\"},\"query-input\":{\"@type\":\"PropertyValueSpecification\",\"valueRequired\":true,\"valueName\":\"search_term_string\"}}],\"inLanguage\":\"en-US\"},{\"@type\":\"Organization\",\"@id\":\"https:\/\/dev-cesag.rwdesarrollos.es\/en\/#organization\",\"name\":\"CESAG\",\"url\":\"https:\/\/dev-cesag.rwdesarrollos.es\/en\/\",\"logo\":{\"@type\":\"ImageObject\",\"inLanguage\":\"en-US\",\"@id\":\"https:\/\/dev-cesag.rwdesarrollos.es\/en\/#\/schema\/logo\/image\/\",\"url\":\"https:\/\/dev.cesag.org\/wp-content\/uploads\/2021\/05\/logo_cesag_color-min.png\",\"contentUrl\":\"https:\/\/dev.cesag.org\/wp-content\/uploads\/2021\/05\/logo_cesag_color-min.png\",\"width\":663,\"height\":160,\"caption\":\"CESAG\"},\"image\":{\"@id\":\"https:\/\/dev-cesag.rwdesarrollos.es\/en\/#\/schema\/logo\/image\/\"},\"sameAs\":[\"https:\/\/www.facebook.com\/CESAlbertaGimenez\",\"https:\/\/x.com\/cesag_\",\"https:\/\/www.instagram.com\/cesag_\",\"https:\/\/www.youtube.com\/channel\/UCFo_A6fsYEX0jlhz5W6d9IQ?feature=watch\",\"https:\/\/es.wikipedia.org\/wiki\/Centro_de_Ense\u00f1anza_Superior_Alberta_Gim\u00e9nez\"]}]}<\/script>\n<!-- \/ Yoast SEO plugin. -->","yoast_head_json":{"title":"Request information - CESAG Centro de Ense\u00f1anza Superior Alberta Gim\u00e9nez","robots":{"index":"index","follow":"follow","max-snippet":"max-snippet:-1","max-image-preview":"max-image-preview:large","max-video-preview":"max-video-preview:-1"},"canonical":"https:\/\/dev-cesag.rwdesarrollos.es\/en\/request-information\/","og_locale":"en_US","og_type":"article","og_title":"Request information - CESAG Centro de Ense\u00f1anza Superior Alberta Gim\u00e9nez","og_description":"Request more informationCOME TO UNIVERSITY COLLEGE ALBERTA GIM\u00c9NEZ (CESAG)We\u2019re a friendly collegeOur students are what matters the most. As one of our teachers says, there are no degrees with opportunities but rather people with opportunities. We want you to be one of them, with an education that helps you to stand out and grow. Do [&hellip;]","og_url":"https:\/\/dev-cesag.rwdesarrollos.es\/en\/request-information\/","og_site_name":"CESAG Centro de Ense\u00f1anza Superior Alberta Gim\u00e9nez","article_publisher":"https:\/\/www.facebook.com\/CESAlbertaGimenez","article_modified_time":"2023-08-31T23:10:55+00:00","twitter_card":"summary_large_image","twitter_site":"@cesag_","twitter_misc":{"Est. reading time":"3 minutes"},"schema":{"@context":"https:\/\/schema.org","@graph":[{"@type":"WebPage","@id":"https:\/\/dev-cesag.rwdesarrollos.es\/en\/request-information\/","url":"https:\/\/dev-cesag.rwdesarrollos.es\/en\/request-information\/","name":"Request information - CESAG Centro de Ense\u00f1anza Superior Alberta Gim\u00e9nez","isPartOf":{"@id":"https:\/\/dev-cesag.rwdesarrollos.es\/en\/#website"},"datePublished":"2021-06-22T07:23:14+00:00","dateModified":"2023-08-31T23:10:55+00:00","breadcrumb":{"@id":"https:\/\/dev-cesag.rwdesarrollos.es\/en\/request-information\/#breadcrumb"},"inLanguage":"en-US","potentialAction":[{"@type":"ReadAction","target":["https:\/\/dev-cesag.rwdesarrollos.es\/en\/request-information\/"]}]},{"@type":"BreadcrumbList","@id":"https:\/\/dev-cesag.rwdesarrollos.es\/en\/request-information\/#breadcrumb","itemListElement":[{"@type":"ListItem","position":1,"name":"Portada","item":"https:\/\/dev-cesag.rwdesarrollos.es\/en\/home\/"},{"@type":"ListItem","position":2,"name":"Request information"}]},{"@type":"WebSite","@id":"https:\/\/dev-cesag.rwdesarrollos.es\/en\/#website","url":"https:\/\/dev-cesag.rwdesarrollos.es\/en\/","name":"CESAG","description":"El Centro de Ense\u00f1anza Superior Alberta Gim\u00e9nez (CESAG) ofrece en Mallorca grados en Enfermer\u00eda, Educaci\u00f3n, Comunicaci\u00f3n y Ciencias del Deporte","publisher":{"@id":"https:\/\/dev-cesag.rwdesarrollos.es\/en\/#organization"},"potentialAction":[{"@type":"SearchAction","target":{"@type":"EntryPoint","urlTemplate":"https:\/\/dev-cesag.rwdesarrollos.es\/en\/?s={search_term_string}"},"query-input":{"@type":"PropertyValueSpecification","valueRequired":true,"valueName":"search_term_string"}}],"inLanguage":"en-US"},{"@type":"Organization","@id":"https:\/\/dev-cesag.rwdesarrollos.es\/en\/#organization","name":"CESAG","url":"https:\/\/dev-cesag.rwdesarrollos.es\/en\/","logo":{"@type":"ImageObject","inLanguage":"en-US","@id":"https:\/\/dev-cesag.rwdesarrollos.es\/en\/#\/schema\/logo\/image\/","url":"https:\/\/dev.cesag.org\/wp-content\/uploads\/2021\/05\/logo_cesag_color-min.png","contentUrl":"https:\/\/dev.cesag.org\/wp-content\/uploads\/2021\/05\/logo_cesag_color-min.png","width":663,"height":160,"caption":"CESAG"},"image":{"@id":"https:\/\/dev-cesag.rwdesarrollos.es\/en\/#\/schema\/logo\/image\/"},"sameAs":["https:\/\/www.facebook.com\/CESAlbertaGimenez","https:\/\/x.com\/cesag_","https:\/\/www.instagram.com\/cesag_","https:\/\/www.youtube.com\/channel\/UCFo_A6fsYEX0jlhz5W6d9IQ?feature=watch","https:\/\/es.wikipedia.org\/wiki\/Centro_de_Ense\u00f1anza_Superior_Alberta_Gim\u00e9nez"]}]}},"_links":{"self":[{"href":"https:\/\/dev-cesag.rwdesarrollos.es\/en\/wp-json\/wp\/v2\/pages\/259632","targetHints":{"allow":["GET"]}}],"collection":[{"href":"https:\/\/dev-cesag.rwdesarrollos.es\/en\/wp-json\/wp\/v2\/pages"}],"about":[{"href":"https:\/\/dev-cesag.rwdesarrollos.es\/en\/wp-json\/wp\/v2\/types\/page"}],"author":[{"embeddable":true,"href":"https:\/\/dev-cesag.rwdesarrollos.es\/en\/wp-json\/wp\/v2\/users\/1"}],"replies":[{"embeddable":true,"href":"https:\/\/dev-cesag.rwdesarrollos.es\/en\/wp-json\/wp\/v2\/comments?post=259632"}],"version-history":[{"count":0,"href":"https:\/\/dev-cesag.rwdesarrollos.es\/en\/wp-json\/wp\/v2\/pages\/259632\/revisions"}],"wp:attachment":[{"href":"https:\/\/dev-cesag.rwdesarrollos.es\/en\/wp-json\/wp\/v2\/media?parent=259632"}],"curies":[{"name":"wp","href":"https:\/\/api.w.org\/{rel}","templated":true}]}}